{"id":16,"date":"2020-12-22T12:25:50","date_gmt":"2020-12-22T12:25:50","guid":{"rendered":"http:\/\/ishtar.infoesteve.com\/?page_id=16"},"modified":"2021-11-02T19:36:08","modified_gmt":"2021-11-02T19:36:08","slug":"acerca-de","status":"publish","type":"page","link":"http:\/\/ishtar.infoesteve.com\/index.php\/acerca-de","title":{"rendered":"Acerca de"},"content":{"rendered":"\n<p>En IshtarSoft llevamos m\u00e1s de 20 a\u00f1os atendiendo a la cl\u00ednica veterinarias, aprendiendo y enriqueci\u00e9ndonos de ellas.<\/p>\n\n\n\n<p>Tratamos de hacer un programa util para el d\u00eda a d\u00eda del profesional veterinario que le ayude en la gesti\u00f3n de su cl\u00ednica y que le facilite su relaci\u00f3n, tanto con el cliente como con las administraciones.<\/p>\n","protected":false},"excerpt":{"rendered":"<p>En IshtarSoft llevamos m\u00e1s de 20 a\u00f1os atendiendo a la cl\u00ednica veterinarias, aprendiendo y enriqueci\u00e9ndonos de ellas. Tratamos de hacer un programa util para el d\u00eda a d\u00eda del profesional veterinario que le ayude en la gesti\u00f3n de su cl\u00ednica y que le facilite su relaci\u00f3n, tanto con el cliente como con las administraciones.<\/p>\n","protected":false},"author":1,"featured_media":0,"parent":0,"menu_order":0,"comment_status":"closed","ping_status":"closed","template":"","meta":[],"_links":{"self":[{"href":"http:\/\/ishtar.infoesteve.com\/index.php\/wp-json\/wp\/v2\/pages\/16"}],"collection":[{"href":"http:\/\/ishtar.infoesteve.com\/index.php\/wp-json\/wp\/v2\/pages"}],"about":[{"href":"http:\/\/ishtar.infoesteve.com\/index.php\/wp-json\/wp\/v2\/types\/page"}],"author":[{"embeddable":true,"href":"http:\/\/ishtar.infoesteve.com\/index.php\/wp-json\/wp\/v2\/users\/1"}],"replies":[{"embeddable":true,"href":"http:\/\/ishtar.infoesteve.com\/index.php\/wp-json\/wp\/v2\/comments?post=16"}],"version-history":[{"count":2,"href":"http:\/\/ishtar.infoesteve.com\/index.php\/wp-json\/wp\/v2\/pages\/16\/revisions"}],"predecessor-version":[{"id":73,"href":"http:\/\/ishtar.infoesteve.com\/index.php\/wp-json\/wp\/v2\/pages\/16\/revisions\/73"}],"wp:attachment":[{"href":"http:\/\/ishtar.infoesteve.com\/index.php\/wp-json\/wp\/v2\/media?parent=16"}],"curies":[{"name":"wp","href":"https:\/\/api.w.org\/{rel}","templated":true}]}}