{"id":15,"date":"2020-12-22T12:25:50","date_gmt":"2020-12-22T12:25:50","guid":{"rendered":"http:\/\/ishtar.infoesteve.com\/?page_id=15"},"modified":"2023-03-10T16:42:46","modified_gmt":"2023-03-10T16:42:46","slug":"el-nuevo-umoma-abre-sus-puertas-2","status":"publish","type":"page","link":"http:\/\/ishtar.infoesteve.com\/","title":{"rendered":"La satisfacci\u00f3n del cliente, nuestro objetivo"},"content":{"rendered":"\n<div class=\"is-layout-flow wp-block-group alignwide\"><div class=\"wp-block-group__inner-container\">\n<p>En IshtarSof  damos soluciones de gesti\u00f3n para cl\u00ednicas veterinarias, enfoc\u00e1ndolo en una doble vertiente, por un lado el trabajo veterinario, tratando de facilitar el trabajo del d\u00eda a d\u00eda y ayudando a sus relaciones con el entorno.<\/p>\n\n\n\n<p>Y en segundo lugar dando herramientas de gesti\u00f3n econ\u00f3mica para el d\u00eda a d\u00eda de nuestro negocio.<\/p>\n<\/div><\/div>\n\n\n\n<div class=\"is-layout-flex wp-container-6 wp-block-columns alignwide\">\n<div class=\"is-layout-flow wp-block-column\">\n<figure class=\"wp-block-image size-full\"><img decoding=\"async\" loading=\"lazy\" width=\"1024\" height=\"768\" src=\"http:\/\/ishtar.infoesteve.com\/wp-content\/uploads\/2021\/11\/firma.jpg\" alt=\"\" class=\"wp-image-75\" srcset=\"http:\/\/ishtar.infoesteve.com\/wp-content\/uploads\/2021\/11\/firma.jpg 1024w, http:\/\/ishtar.infoesteve.com\/wp-content\/uploads\/2021\/11\/firma-300x225.jpg 300w, http:\/\/ishtar.infoesteve.com\/wp-content\/uploads\/2021\/11\/firma-768x576.jpg 768w\" sizes=\"(max-width: 1024px) 100vw, 1024px\" \/><figcaption class=\"wp-element-caption\">Uso de tableta para firma digital de documentos<\/figcaption><\/figure>\n\n\n\n<div class=\"is-layout-flow wp-block-group\"><div class=\"wp-block-group__inner-container\"><\/div><\/div>\n\n\n\n<div class=\"is-layout-flow wp-block-group\"><div class=\"wp-block-group__inner-container\">\n<p><\/p>\n\n\n\n<p><\/p>\n<\/div><\/div>\n<\/div>\n\n\n\n<div class=\"is-layout-flow wp-block-column\">\n<figure class=\"wp-block-image size-full\"><img decoding=\"async\" loading=\"lazy\" width=\"1024\" height=\"768\" src=\"http:\/\/ishtar.infoesteve.com\/wp-content\/uploads\/2021\/11\/mascotas.jpg\" alt=\"\" class=\"wp-image-76\" srcset=\"http:\/\/ishtar.infoesteve.com\/wp-content\/uploads\/2021\/11\/mascotas.jpg 1024w, http:\/\/ishtar.infoesteve.com\/wp-content\/uploads\/2021\/11\/mascotas-300x225.jpg 300w, http:\/\/ishtar.infoesteve.com\/wp-content\/uploads\/2021\/11\/mascotas-768x576.jpg 768w\" sizes=\"(max-width: 1024px) 100vw, 1024px\" \/><figcaption class=\"wp-element-caption\">Integraci\u00f3n de elementos en una \u00fanica pantalla<\/figcaption><\/figure>\n<\/div>\n<\/div>\n\n\n\n<div class=\"is-layout-flow wp-block-group alignwide\"><div class=\"wp-block-group__inner-container\"><\/div><\/div>\n\n\n\n<p><\/p>\n\n\n\n<figure class=\"is-layout-flex wp-block-gallery-8 wp-block-gallery alignwide has-nested-images columns-default is-cropped\"><\/figure>\n","protected":false},"excerpt":{"rendered":"<p>En IshtarSof damos soluciones de gesti\u00f3n para cl\u00ednicas veterinarias, enfoc\u00e1ndolo en una doble vertiente, por un lado el trabajo veterinario, tratando de facilitar el trabajo del d\u00eda a d\u00eda y ayudando a sus relaciones con el entorno. Y en segundo lugar dando herramientas de gesti\u00f3n econ\u00f3mica para el d\u00eda a d\u00eda de nuestro negocio.<\/p>\n","protected":false},"author":1,"featured_media":90,"parent":0,"menu_order":0,"comment_status":"closed","ping_status":"closed","template":"","meta":[],"_links":{"self":[{"href":"http:\/\/ishtar.infoesteve.com\/index.php\/wp-json\/wp\/v2\/pages\/15"}],"collection":[{"href":"http:\/\/ishtar.infoesteve.com\/index.php\/wp-json\/wp\/v2\/pages"}],"about":[{"href":"http:\/\/ishtar.infoesteve.com\/index.php\/wp-json\/wp\/v2\/types\/page"}],"author":[{"embeddable":true,"href":"http:\/\/ishtar.infoesteve.com\/index.php\/wp-json\/wp\/v2\/users\/1"}],"replies":[{"embeddable":true,"href":"http:\/\/ishtar.infoesteve.com\/index.php\/wp-json\/wp\/v2\/comments?post=15"}],"version-history":[{"count":14,"href":"http:\/\/ishtar.infoesteve.com\/index.php\/wp-json\/wp\/v2\/pages\/15\/revisions"}],"predecessor-version":[{"id":91,"href":"http:\/\/ishtar.infoesteve.com\/index.php\/wp-json\/wp\/v2\/pages\/15\/revisions\/91"}],"wp:featuredmedia":[{"embeddable":true,"href":"http:\/\/ishtar.infoesteve.com\/index.php\/wp-json\/wp\/v2\/media\/90"}],"wp:attachment":[{"href":"http:\/\/ishtar.infoesteve.com\/index.php\/wp-json\/wp\/v2\/media?parent=15"}],"curies":[{"name":"wp","href":"https:\/\/api.w.org\/{rel}","templated":true}]}}